{"id":15037,"date":"2021-06-02T15:50:47","date_gmt":"2021-06-02T15:50:47","guid":{"rendered":"https:\/\/marittimo.es\/?page_id=15037"},"modified":"2021-06-07T23:34:28","modified_gmt":"2021-06-07T23:34:28","slug":"el-barrio","status":"publish","type":"page","link":"https:\/\/marittimo.es\/en\/el-barrio\/","title":{"rendered":"Neighborhood"},"content":{"rendered":"<div id=\"cmsmasters_row_3dkxnxrdp\" class=\"cmsmasters_row cmsmasters_color_scheme_default cmsmasters_row_top_default cmsmasters_row_bot_default cmsmasters_row_boxed\">\n<div class=\"cmsmasters_row_outer_parent\">\n<div class=\"cmsmasters_row_outer\">\n<div class=\"cmsmasters_row_inner\">\n<div class=\"cmsmasters_row_margin\">\n<div id=\"cmsmasters_column_axgozpioru\" class=\"cmsmasters_column one_first\">\n<div class=\"cmsmasters_column_inner\"><div class=\"cmsmasters_text\">\n<p>&nbsp;<\/p>\n<p>El Cabanyal is the maritime district of the city of Valencia. Its peculiar grid pattern derives from the alignments of the old barracks parallel to the sea. Initially a fishing village, today it has become an area of interest as a place of rest and leisure.<\/p>\n<p>The first population center that emerged in the area was a small group of huts and shacks. By the end of the 17th century, the Caba\u00f1al had become a popular place for Valencians who wanted to live between the beach and the orchard, so they began to build farmhouses near the huts.<\/p>\n<p>The core of Caba\u00f1al was declared BIC (Bien de Inter\u00e9s Cultural) by the Generalitat Valenciana in 1993. The decree emphasizes the peculiarity of the urban fabric of the neighborhood, in which a popular architecture of clear eclectic roots is developed.<\/p>\n<p>It is a neighborhood that preserves the pure essence of its \u00abpicturesque\u00bb architecture, as Nick Inman of the British newspaper \u00abThe Guardian\u00bb writes in his review, <a href=\"https:\/\/www.theguardian.com\/travel\/2020\/feb\/08\/10-of-the-coolest-neighbourhoods-in-europe-paris-berlin-rome\">which places Valencia's Cabanyal neighborhood among the ten \u00abcoolest\u00bb in Europe.<\/a>Two-story houses of modernist style and viewpoints that allowed to see the arrival of the boats to the beach are two of its signs of identity still visible.<\/p>\n<p>&nbsp;<\/p>\n<iframe loading=\"lazy\" title=\"ONE OF THE TOP 10 PLACES TO VISIT IN EUROPE | EL CABANYAL, VALENCIA SPAIN VEGAN FOOD GUIDE\" width=\"1160\" height=\"653\" src=\"https:\/\/www.youtube.com\/embed\/4YVKLg-AEtA?feature=oembed\" frameborder=\"0\" allow=\"accelerometer; autoplay; clipboard-write; encrypted-media; gyroscope; picture-in-picture\" allowfullscreen><\/iframe>\n<\/div>\n<\/div><\/div>\n<\/div>\n<\/div>\n<\/div>\n<\/div>\n<\/div>\n<div id=\"cmsmasters_row_b530bb1f3c\" class=\"cmsmasters_row cmsmasters_color_scheme_default cmsmasters_row_top_default cmsmasters_row_bot_default cmsmasters_row_boxed\">\n<div class=\"cmsmasters_row_outer_parent\">\n<div class=\"cmsmasters_row_outer\">\n<div class=\"cmsmasters_row_inner\">\n<div class=\"cmsmasters_row_margin\">\n<div id=\"cmsmasters_column_068053166e\" class=\"cmsmasters_column one_first\">\n<div class=\"cmsmasters_column_inner\"><div id=\"cmsmasters_heading_d114ebe08d\" class=\"cmsmasters_heading_wrap cmsmasters_heading_align_center\">\n\t<h3 class=\"cmsmasters_heading\">Blog<\/h3>\n<\/div><div id=\"cmsmasters_heading_ca6a79e728\" class=\"cmsmasters_heading_wrap cmsmasters_heading_align_center\">\n\t<h2 class=\"cmsmasters_heading\">News<\/h2>\n<\/div>\n<\/div><\/div>\n<\/div>\n<\/div>\n<\/div>\n<\/div>\n<\/div>\n<div id=\"cmsmasters_row_7d3695ca57\" class=\"cmsmasters_row cmsmasters_color_scheme_default cmsmasters_row_top_default cmsmasters_row_bot_default cmsmasters_row_boxed\">\n<div class=\"cmsmasters_row_outer_parent\">\n<div class=\"cmsmasters_row_outer\">\n<div class=\"cmsmasters_row_inner\">\n<div class=\"cmsmasters_row_margin\">\n<div id=\"cmsmasters_column_c4754342a1\" class=\"cmsmasters_column one_first\">\n<div class=\"cmsmasters_column_inner\">\n<div class=\"cmsmasters_posts_slider\" >\r\n\t\t<div id=\"cmsmasters_slider_6f9b012b37\" class=\"cmsmasters_owl_slider owl-carousel\" data-items=\"3\" data-pagination=\"false\" data-navigation=\"true\" data-single-item=\"false\" data-auto-play=\"5000\"><div class=\"cmsmasters_owl_slider_item\"><!-- Start Posts Slider Post Article -->\r\n<article id=\"post-1\" class=\"cmsmasters_slider_post post-1 post type-post status-publish format-standard has-post-thumbnail hentry category-uncategorized\">\r\n\t<div class=\"cmsmasters_slider_post_outer\">\r\n\t<span class=\"cmsmasters_slider_post_date\"><abbr class=\"published\" title=\"May 25, 2021\">May 25, 2021<\/abbr><abbr class=\"dn date updated\" title=\"June 8, 2021\">June 8, 2021<\/abbr><\/span><header class=\"cmsmasters_slider_post_header entry-header\"><h3 class=\"cmsmasters_slider_post_title entry-title\"><a href=\"https:\/\/marittimo.es\/en\/hello-world\/\">La semana santa marinera del cabanyal<\/a><\/h3><\/header><div class=\"cmsmasters_slider_post_inner\"><footer class=\"cmsmasters_slider_post_footer entry-meta\"><span class=\"cmsmasters_comments cmsmasters_slider_post_comments\"><a class=\"cmsmasters_theme_icon_comment\" href=\"https:\/\/marittimo.es\/en\/hello-world\/#respond\" title=\"Comment on La semana santa marinera del cabanyal\"><span>0 <\/span><\/a><\/span><\/footer><div class=\"cmsmasters_slider_post_cont_info entry-meta\"><span class=\"cmsmasters_slider_post_category\">In <a href=\"https:\/\/marittimo.es\/en\/category\/uncategorized\/\" class=\"cmsmasters_cat_color cmsmasters_cat_1\" rel=\"category tag\">Uncategorized<\/a><\/span><\/div><\/div><figure class=\"cmsmasters_img_rollover_wrap preloader\"><img loading=\"lazy\" decoding=\"async\" width=\"580\" height=\"400\" src=\"https:\/\/marittimo.es\/wp-content\/uploads\/2021\/05\/semana-santa-marinera-valencia-580x400.jpg\" class=\"full-width wp-post-image\" alt=\"La semana santa marinera del cabanyal\" title=\"semana-santa-marinera-valencia\" \/><a href=\"https:\/\/marittimo.es\/en\/hello-world\/\" title=\"La semana santa marinera del cabanyal\" class=\"cmsmasters_open_link\"><\/a><\/figure><div class=\"cmsmasters_slider_post_content entry-content\">\n<p>Las primeras noticias escritas que se tienen acerca de las procesiones que en la Valencia marinera conmemoraban la Semana Santa datan de principios  del siglo XVIII, en el Grao donde, noticias no certificadas documentalmente, las remontan a los tiempos de San Vicente Ferrer, en el siglo XV.<\/p>\n<\/div>\n\t<\/div>\r\n<\/article>\r\n<!-- Finish Posts Slider Post Article -->\r\n\r\n<\/div><div class=\"cmsmasters_owl_slider_item\"><!-- Start Posts Slider Post Article -->\r\n<article id=\"post-285\" class=\"cmsmasters_slider_post post-285 post type-post status-publish format-gallery has-post-thumbnail hentry category-advice post_format-post-format-gallery\">\r\n\t<div class=\"cmsmasters_slider_post_outer\">\r\n\t<span class=\"cmsmasters_slider_post_date\"><abbr class=\"published\" title=\"May 28, 2017\">May 28, 2017<\/abbr><abbr class=\"dn date updated\" title=\"June 8, 2021\">June 8, 2021<\/abbr><\/span><header class=\"cmsmasters_slider_post_header entry-header\"><h3 class=\"cmsmasters_slider_post_title entry-title\"><a href=\"https:\/\/marittimo.es\/en\/el-mercado-del-cabanyal\/\">el mercado del cabanyal<\/a><\/h3><\/header><div class=\"cmsmasters_slider_post_inner\"><div class=\"cmsmasters_slider_post_cont_info entry-meta\"><span class=\"cmsmasters_slider_post_category\">In <a href=\"https:\/\/marittimo.es\/en\/category\/advice\/\" class=\"cmsmasters_cat_color cmsmasters_cat_8\" rel=\"category tag\">Advice<\/a><\/span><\/div><\/div><figure class=\"cmsmasters_img_rollover_wrap preloader\"><img loading=\"lazy\" decoding=\"async\" width=\"300\" height=\"200\" src=\"https:\/\/marittimo.es\/wp-content\/uploads\/2017\/05\/historia1.jpg\" class=\"full-width wp-post-image\" alt=\"el mercado del cabanyal\" title=\"historia1\" \/><a href=\"https:\/\/marittimo.es\/en\/el-mercado-del-cabanyal\/\" title=\"el mercado del cabanyal\" class=\"cmsmasters_open_link\"><\/a><\/figure><div class=\"cmsmasters_slider_post_content entry-content\">\n<p>Ya desde 1833 y durante los primeros a\u00f1os de la independencia del Cabanyal como lugar aut\u00f3nomo, el pueblo, que no ten\u00eda un mercado en condiciones, se ve\u00eda precisado a comprar en unos mercados ambulantes, al aire libre y sin ninguna clase de instalaciones s\u00f3lidas, sino desmontables.<\/p>\n<\/div>\n\t<\/div>\r\n<\/article>\r\n<!-- Finish Posts Slider Post Article -->\r\n\r\n<\/div><div class=\"cmsmasters_owl_slider_item\"><!-- Start Posts Slider Post Article -->\r\n<article id=\"post-87\" class=\"cmsmasters_slider_post post-87 post type-post status-publish format-image has-post-thumbnail hentry category-health category-relaxation post_format-post-format-image\">\r\n\t<div class=\"cmsmasters_slider_post_outer\">\r\n\t<span class=\"cmsmasters_slider_post_date\"><abbr class=\"published\" title=\"May 23, 2017\">May 23, 2017<\/abbr><abbr class=\"dn date updated\" title=\"June 8, 2021\">June 8, 2021<\/abbr><\/span><header class=\"cmsmasters_slider_post_header entry-header\"><h3 class=\"cmsmasters_slider_post_title entry-title\"><a href=\"https:\/\/marittimo.es\/en\/healthier-happier-you\/\">playa del cabanyal<\/a><\/h3><\/header><div class=\"cmsmasters_slider_post_inner\"><div class=\"cmsmasters_slider_post_cont_info entry-meta\"><span class=\"cmsmasters_slider_post_category\">In <a href=\"https:\/\/marittimo.es\/en\/category\/health\/\" class=\"cmsmasters_cat_color cmsmasters_cat_10\" rel=\"category tag\">Health<\/a>, <a href=\"https:\/\/marittimo.es\/en\/category\/relaxation\/\" class=\"cmsmasters_cat_color cmsmasters_cat_13\" rel=\"category tag\">Relaxation<\/a><\/span><\/div><\/div><figure class=\"cmsmasters_img_rollover_wrap preloader\"><img loading=\"lazy\" decoding=\"async\" width=\"580\" height=\"420\" src=\"https:\/\/marittimo.es\/wp-content\/uploads\/2017\/05\/1280px-Playa_de_El_Cabanyal_Valencia_02-580x420.jpg\" class=\"full-width wp-post-image\" alt=\"playa del cabanyal\" title=\"1280px-Playa_de_El_Cabanyal_(Valencia)_02\" \/><a href=\"https:\/\/marittimo.es\/en\/healthier-happier-you\/\" title=\"playa del cabanyal\" class=\"cmsmasters_open_link\"><\/a><\/figure><div class=\"cmsmasters_slider_post_content entry-content\">\n<p>Limita al norte con la\u00a0playa de la Malvarrosa\u00a0y al sur con el\u00a0puerto de Valencia.<\/p>\n<p>Dispone de todo tipo de servicios, as\u00ed como de \u00e1reas deportivas y de juegos para ni\u00f1os. Las buenas temperaturas de Valencia hacen que est\u00e9 animada durante la mayor parte del a\u00f1o. Es, adem\u00e1s, uno de los lugares de ocio nocturno m\u00e1s frecuentado entre los meses de abril y octubre.<\/p>\n<\/div>\n\t<\/div>\r\n<\/article>\r\n<!-- Finish Posts Slider Post Article -->\r\n\r\n<\/div><div class=\"cmsmasters_owl_slider_item\"><!-- Start Posts Slider Post Article -->\r\n<article id=\"post-85\" class=\"cmsmasters_slider_post post-85 post type-post status-publish format-gallery has-post-thumbnail hentry category-food post_format-post-format-gallery\">\r\n\t<div class=\"cmsmasters_slider_post_outer\">\r\n\t<span class=\"cmsmasters_slider_post_date\"><abbr class=\"published\" title=\"May 18, 2017\">May 18, 2017<\/abbr><abbr class=\"dn date updated\" title=\"June 8, 2021\">June 8, 2021<\/abbr><\/span><header class=\"cmsmasters_slider_post_header entry-header\"><h3 class=\"cmsmasters_slider_post_title entry-title\"><a href=\"https:\/\/marittimo.es\/en\/foodie-paradise\/\">museo del arroz<\/a><\/h3><\/header><div class=\"cmsmasters_slider_post_inner\"><div class=\"cmsmasters_slider_post_cont_info entry-meta\"><span class=\"cmsmasters_slider_post_category\">In <a href=\"https:\/\/marittimo.es\/en\/category\/food\/\" class=\"cmsmasters_cat_color cmsmasters_cat_9\" rel=\"category tag\">Food<\/a><\/span><\/div><\/div><figure class=\"cmsmasters_img_rollover_wrap preloader\"><img loading=\"lazy\" decoding=\"async\" width=\"580\" height=\"400\" src=\"https:\/\/marittimo.es\/wp-content\/uploads\/2017\/05\/pres1-580x400.jpg\" class=\"full-width wp-post-image\" alt=\"museo del arroz\" title=\"pres1\" \/><a href=\"https:\/\/marittimo.es\/en\/foodie-paradise\/\" title=\"museo del arroz\" class=\"cmsmasters_open_link\"><\/a><\/figure><div class=\"cmsmasters_slider_post_content entry-content\">\n<p>Hablar de arroz en Valencia no solo es hablar de paella y de modas gastron\u00f3micas.<\/p>\n<p>El arroz en Valencia tal y como lo conocemos hoy, y todos los procesos que determinan su producci\u00f3n y su elaboraci\u00f3n, son el resultado de a\u00f1os de cultivo en nuestras tierras.<\/p>\n<\/div>\n\t<\/div>\r\n<\/article>\r\n<!-- Finish Posts Slider Post Article -->\r\n\r\n<\/div><div class=\"cmsmasters_owl_slider_item\"><!-- Start Posts Slider Post Article -->\r\n<article id=\"post-1965\" class=\"cmsmasters_slider_post post-1965 post type-post status-publish format-image has-post-thumbnail hentry category-health category-special-offers post_format-post-format-image\">\r\n\t<div class=\"cmsmasters_slider_post_outer\">\r\n\t<span class=\"cmsmasters_slider_post_date\"><abbr class=\"published\" title=\"May 13, 2017\">May 13, 2017<\/abbr><abbr class=\"dn date updated\" title=\"June 8, 2021\">June 8, 2021<\/abbr><\/span><header class=\"cmsmasters_slider_post_header entry-header\"><h3 class=\"cmsmasters_slider_post_title entry-title\"><a href=\"https:\/\/marittimo.es\/en\/active-holidays\/\">Las fallas de Valencia<\/a><\/h3><\/header><div class=\"cmsmasters_slider_post_inner\"><div class=\"cmsmasters_slider_post_cont_info entry-meta\"><span class=\"cmsmasters_slider_post_category\">In <a href=\"https:\/\/marittimo.es\/en\/category\/health\/\" class=\"cmsmasters_cat_color cmsmasters_cat_10\" rel=\"category tag\">Health<\/a>, <a href=\"https:\/\/marittimo.es\/en\/category\/special-offers\/\" class=\"cmsmasters_cat_color cmsmasters_cat_14\" rel=\"category tag\">Special Offers<\/a><\/span><\/div><\/div><figure class=\"cmsmasters_img_rollover_wrap preloader\"><img loading=\"lazy\" decoding=\"async\" width=\"580\" height=\"420\" src=\"https:\/\/marittimo.es\/wp-content\/uploads\/2017\/05\/800px-Falla_del_Ayuntamiento_Valencia_2019_3-580x420.jpg\" class=\"full-width wp-post-image\" alt=\"Las fallas de Valencia\" title=\"800px-Falla_del_Ayuntamiento_Valencia_2019_(3)\" \/><a href=\"https:\/\/marittimo.es\/en\/active-holidays\/\" title=\"Las fallas de Valencia\" class=\"cmsmasters_open_link\"><\/a><\/figure><div class=\"cmsmasters_slider_post_content entry-content\">\n<p>Las\u00a0Fallas de Valencia\u00a0(Falles\u00a0en\u00a0valenciano) son unas fiestas que van del 15 (plant\u00e1) al 19 (crem\u00e1) de marzo con una tradici\u00f3n arraigada en la ciudad espa\u00f1ola de\u00a0Valencia\u00a0y diferentes poblaciones de la\u00a0Comunidad Valenciana. Oficialmente empiezan el \u00faltimo domingo de febrero con el acto de la\u00a0crida\u00a0(en valenciano; 'preg\u00f3n o llamada', en\u00a0espa\u00f1ol).<\/p>\n<\/div>\n\t<\/div>\r\n<\/article>\r\n<!-- Finish Posts Slider Post Article -->\r\n\r\n<\/div><div class=\"cmsmasters_owl_slider_item\"><!-- Start Posts Slider Post Article -->\r\n<article id=\"post-106\" class=\"cmsmasters_slider_post post-106 post type-post status-publish format-image has-post-thumbnail hentry category-food category-relaxation post_format-post-format-image\">\r\n\t<div class=\"cmsmasters_slider_post_outer\">\r\n\t<span class=\"cmsmasters_slider_post_date\"><abbr class=\"published\" title=\"May 9, 2017\">May 9, 2017<\/abbr><abbr class=\"dn date updated\" title=\"June 8, 2021\">June 8, 2021<\/abbr><\/span><header class=\"cmsmasters_slider_post_header entry-header\"><h3 class=\"cmsmasters_slider_post_title entry-title\"><a href=\"https:\/\/marittimo.es\/en\/all-inclusive-thrills\/\">ciudad de las artes y las ciencias<\/a><\/h3><\/header><div class=\"cmsmasters_slider_post_inner\"><div class=\"cmsmasters_slider_post_cont_info entry-meta\"><span class=\"cmsmasters_slider_post_category\">In <a href=\"https:\/\/marittimo.es\/en\/category\/food\/\" class=\"cmsmasters_cat_color cmsmasters_cat_9\" rel=\"category tag\">Food<\/a>, <a href=\"https:\/\/marittimo.es\/en\/category\/relaxation\/\" class=\"cmsmasters_cat_color cmsmasters_cat_13\" rel=\"category tag\">Relaxation<\/a><\/span><\/div><\/div><figure class=\"cmsmasters_img_rollover_wrap preloader\"><img loading=\"lazy\" decoding=\"async\" width=\"580\" height=\"420\" src=\"https:\/\/marittimo.es\/wp-content\/uploads\/2017\/05\/05-1.jpg\" class=\"full-width wp-post-image\" alt=\"ciudad de las artes y las ciencias\" title=\"05\" srcset=\"https:\/\/marittimo.es\/wp-content\/uploads\/2017\/05\/05-1.jpg 580w, https:\/\/marittimo.es\/wp-content\/uploads\/2017\/05\/05-1-300x217.jpg 300w\" sizes=\"auto, (max-width: 580px) 100vw, 580px\" \/><a href=\"https:\/\/marittimo.es\/en\/all-inclusive-thrills\/\" title=\"ciudad de las artes y las ciencias\" class=\"cmsmasters_open_link\"><\/a><\/figure><div class=\"cmsmasters_slider_post_content entry-content\">\n<p>La Ciudad de las Artes y las Ciencias (en valenciano y oficialmente Ciutat de les Arts i les Ci\u00e8ncies) es un complejo arquitect\u00f3nico, cultural y de entretenimiento de la ciudad de Valencia (Espa\u00f1a).<\/p>\n<\/div>\n\t<\/div>\r\n<\/article>\r\n<!-- Finish Posts Slider Post Article -->\r\n\r\n<\/div><\/div><\/div>\n<\/div><\/div>\n<\/div>\n<\/div>\n<\/div>\n<\/div>\n<\/div>","protected":false},"excerpt":{"rendered":"","protected":false},"author":1,"featured_media":0,"parent":0,"menu_order":0,"comment_status":"closed","ping_status":"closed","template":"","meta":{"footnotes":""},"class_list":["post-15037","page","type-page","status-publish","hentry"],"yoast_head":"<!-- This site is optimized with the Yoast SEO plugin v26.9 - https:\/\/yoast.com\/product\/yoast-seo-wordpress\/ -->\n<title>El barrio - Marittimo Apartments<\/title>\n<meta name=\"robots\" content=\"index, follow, max-snippet:-1, max-image-preview:large, max-video-preview:-1\" \/>\n<link rel=\"canonical\" href=\"https:\/\/marittimo.es\/en\/el-barrio\/\" \/>\n<meta property=\"og:locale\" content=\"en_GB\" \/>\n<meta property=\"og:type\" content=\"article\" \/>\n<meta property=\"og:title\" content=\"El barrio - Marittimo Apartments\" \/>\n<meta property=\"og:url\" content=\"https:\/\/marittimo.es\/en\/el-barrio\/\" \/>\n<meta property=\"og:site_name\" content=\"Marittimo Apartments\" \/>\n<meta property=\"article:modified_time\" content=\"2021-06-07T23:34:28+00:00\" \/>\n<meta name=\"twitter:card\" content=\"summary_large_image\" \/>\n<meta name=\"twitter:label1\" content=\"Estimated reading time\" \/>\n\t<meta name=\"twitter:data1\" content=\"2 minutes\" \/>\n<script type=\"application\/ld+json\" class=\"yoast-schema-graph\">{\"@context\":\"https:\/\/schema.org\",\"@graph\":[{\"@type\":\"WebPage\",\"@id\":\"https:\/\/marittimo.es\/el-barrio\/\",\"url\":\"https:\/\/marittimo.es\/el-barrio\/\",\"name\":\"El barrio - Marittimo Apartments\",\"isPartOf\":{\"@id\":\"https:\/\/marittimo.es\/#website\"},\"datePublished\":\"2021-06-02T15:50:47+00:00\",\"dateModified\":\"2021-06-07T23:34:28+00:00\",\"breadcrumb\":{\"@id\":\"https:\/\/marittimo.es\/el-barrio\/#breadcrumb\"},\"inLanguage\":\"en-GB\",\"potentialAction\":[{\"@type\":\"ReadAction\",\"target\":[\"https:\/\/marittimo.es\/el-barrio\/\"]}]},{\"@type\":\"BreadcrumbList\",\"@id\":\"https:\/\/marittimo.es\/el-barrio\/#breadcrumb\",\"itemListElement\":[{\"@type\":\"ListItem\",\"position\":1,\"name\":\"Home\",\"item\":\"https:\/\/marittimo.es\/\"},{\"@type\":\"ListItem\",\"position\":2,\"name\":\"El barrio\"}]},{\"@type\":\"WebSite\",\"@id\":\"https:\/\/marittimo.es\/#website\",\"url\":\"https:\/\/marittimo.es\/\",\"name\":\"Marittimo Apartments\",\"description\":\"Marittimo Apartments\",\"potentialAction\":[{\"@type\":\"SearchAction\",\"target\":{\"@type\":\"EntryPoint\",\"urlTemplate\":\"https:\/\/marittimo.es\/?s={search_term_string}\"},\"query-input\":{\"@type\":\"PropertyValueSpecification\",\"valueRequired\":true,\"valueName\":\"search_term_string\"}}],\"inLanguage\":\"en-GB\"}]}<\/script>\n<!-- \/ Yoast SEO plugin. -->","yoast_head_json":{"title":"El barrio - Marittimo Apartments","robots":{"index":"index","follow":"follow","max-snippet":"max-snippet:-1","max-image-preview":"max-image-preview:large","max-video-preview":"max-video-preview:-1"},"canonical":"https:\/\/marittimo.es\/en\/el-barrio\/","og_locale":"en_GB","og_type":"article","og_title":"El barrio - Marittimo Apartments","og_url":"https:\/\/marittimo.es\/en\/el-barrio\/","og_site_name":"Marittimo Apartments","article_modified_time":"2021-06-07T23:34:28+00:00","twitter_card":"summary_large_image","twitter_misc":{"Estimated reading time":"2 minutes"},"schema":{"@context":"https:\/\/schema.org","@graph":[{"@type":"WebPage","@id":"https:\/\/marittimo.es\/el-barrio\/","url":"https:\/\/marittimo.es\/el-barrio\/","name":"El barrio - Marittimo Apartments","isPartOf":{"@id":"https:\/\/marittimo.es\/#website"},"datePublished":"2021-06-02T15:50:47+00:00","dateModified":"2021-06-07T23:34:28+00:00","breadcrumb":{"@id":"https:\/\/marittimo.es\/el-barrio\/#breadcrumb"},"inLanguage":"en-GB","potentialAction":[{"@type":"ReadAction","target":["https:\/\/marittimo.es\/el-barrio\/"]}]},{"@type":"BreadcrumbList","@id":"https:\/\/marittimo.es\/el-barrio\/#breadcrumb","itemListElement":[{"@type":"ListItem","position":1,"name":"Home","item":"https:\/\/marittimo.es\/"},{"@type":"ListItem","position":2,"name":"El barrio"}]},{"@type":"WebSite","@id":"https:\/\/marittimo.es\/#website","url":"https:\/\/marittimo.es\/","name":"Marittimo Apartments","description":"Marittimo Apartments","potentialAction":[{"@type":"SearchAction","target":{"@type":"EntryPoint","urlTemplate":"https:\/\/marittimo.es\/?s={search_term_string}"},"query-input":{"@type":"PropertyValueSpecification","valueRequired":true,"valueName":"search_term_string"}}],"inLanguage":"en-GB"}]}},"_links":{"self":[{"href":"https:\/\/marittimo.es\/en\/wp-json\/wp\/v2\/pages\/15037","targetHints":{"allow":["GET"]}}],"collection":[{"href":"https:\/\/marittimo.es\/en\/wp-json\/wp\/v2\/pages"}],"about":[{"href":"https:\/\/marittimo.es\/en\/wp-json\/wp\/v2\/types\/page"}],"author":[{"embeddable":true,"href":"https:\/\/marittimo.es\/en\/wp-json\/wp\/v2\/users\/1"}],"replies":[{"embeddable":true,"href":"https:\/\/marittimo.es\/en\/wp-json\/wp\/v2\/comments?post=15037"}],"version-history":[{"count":7,"href":"https:\/\/marittimo.es\/en\/wp-json\/wp\/v2\/pages\/15037\/revisions"}],"predecessor-version":[{"id":15184,"href":"https:\/\/marittimo.es\/en\/wp-json\/wp\/v2\/pages\/15037\/revisions\/15184"}],"wp:attachment":[{"href":"https:\/\/marittimo.es\/en\/wp-json\/wp\/v2\/media?parent=15037"}],"curies":[{"name":"wp","href":"https:\/\/api.w.org\/{rel}","templated":true}]}}