{"id":15050,"date":"2021-06-02T17:01:39","date_gmt":"2021-06-02T17:01:39","guid":{"rendered":"https:\/\/marittimo.es\/?page_id=15050"},"modified":"2024-06-06T13:12:42","modified_gmt":"2024-06-06T11:12:42","slug":"precios","status":"publish","type":"page","link":"https:\/\/marittimo.es\/en\/precios\/","title":{"rendered":"Prices \/ availability"},"content":{"rendered":"<div id=\"cmsmasters_row_3dkxnxrdp\" class=\"cmsmasters_row cmsmasters_color_scheme_default cmsmasters_row_top_default cmsmasters_row_bot_default cmsmasters_row_boxed\">\n<div class=\"cmsmasters_row_outer_parent\">\n<div class=\"cmsmasters_row_outer\">\n<div class=\"cmsmasters_row_inner\">\n<div class=\"cmsmasters_row_margin\">\n<div id=\"cmsmasters_column_axgozpioru\" class=\"cmsmasters_column one_first\">\n<div class=\"cmsmasters_column_inner\"><div class=\"cmsmasters_text\">\n<p><strong>CHECK AVAILABILITY<\/strong><\/p>\n<h4><strong><a href=\"https:\/\/www.booking.com\/hotel\/es\/marittimo-apartments.es.html?label=gen173nr-1FCAsoRkIUbWFyaXR0aW1vLWFwYXJ0bWVudHNIClgEaEaIAQGYAQq4ARjIAQzYAQHoAQH4AQOIAgGoAgS4Ap66q6EGwAIB0gIkNmQ0ZWUzZjQtYTM0Ni00ZDg3LWJkMTYtNjMxYzE1ZDY2ODZm2AIF4AIB&amp;sid=b455e7470fa29936f4bfd5339ec85115&amp;dist=0&amp;keep_landing=1&amp;sb_price_type=total&amp;type=total&amp;\" target=\"_blank\" rel=\"noopener\">CONSULTA DISPONIBILIDAD EN BOOKING.COM<\/a><\/strong><\/h4>\n<p>Debido a la presencia de nuestros apartamentos en diferentes plataformas, antes de realizar una reserva deber\u00e1 comprobar la disponibilidad a trav\u00e9s del calendario de Booking.com (forma mas r\u00e1pida), llamando al +34.600.422.195 o a trav\u00e9s de nuestro formulario. Los precios pueden variar de 50\u20ac\/noche en temporada baja a 120\u20ac\/noche en verano o evento en la ciudad.<\/p>\n<p>Una vez comprobada la disponibilidad, podr\u00e1 decidir si realizar la reserva a trav\u00e9s de la plataforma segura de Booking.com o directamente con nuestra empresa (sin abonar las comisiones al broker)<\/p>\n<p>Prices are for 1 or 2 people. From the third guest, there is an increase of 15\u20ac\/person\/night.<\/p>\n<p><strong>Discounts<\/strong><br \/>\nDiscount from 7 days of stay: <strong>5%<\/strong><br \/>\nDiscount from 1 month of stay: <strong>10%<\/strong><\/p>\n<p>&nbsp;<\/p>\n<p>If you have any questions, please, <a href=\"https:\/\/marittimo.es\/en\/contactar\/\">contact us.<\/a>We will be pleased to assist you.<\/p>\n<\/div>\n<\/div><\/div>\n<\/div>\n<\/div>\n<\/div>\n<\/div>\n<\/div>","protected":false},"excerpt":{"rendered":"","protected":false},"author":1,"featured_media":0,"parent":0,"menu_order":0,"comment_status":"closed","ping_status":"closed","template":"","meta":{"footnotes":""},"class_list":["post-15050","page","type-page","status-publish","hentry"],"yoast_head":"<!-- This site is optimized with the Yoast SEO plugin v26.9 - https:\/\/yoast.com\/product\/yoast-seo-wordpress\/ -->\n<title>Precios \/ Reservas - Marittimo Apartments<\/title>\n<meta name=\"robots\" content=\"index, follow, max-snippet:-1, max-image-preview:large, max-video-preview:-1\" \/>\n<link rel=\"canonical\" href=\"https:\/\/marittimo.es\/en\/precios\/\" \/>\n<meta property=\"og:locale\" content=\"en_GB\" \/>\n<meta property=\"og:type\" content=\"article\" \/>\n<meta property=\"og:title\" content=\"Precios \/ Reservas - Marittimo Apartments\" \/>\n<meta property=\"og:url\" content=\"https:\/\/marittimo.es\/en\/precios\/\" \/>\n<meta property=\"og:site_name\" content=\"Marittimo Apartments\" \/>\n<meta property=\"article:modified_time\" content=\"2024-06-06T11:12:42+00:00\" \/>\n<meta name=\"twitter:card\" content=\"summary_large_image\" \/>\n<meta name=\"twitter:label1\" content=\"Estimated reading time\" \/>\n\t<meta name=\"twitter:data1\" content=\"1 minute\" \/>\n<script type=\"application\/ld+json\" class=\"yoast-schema-graph\">{\"@context\":\"https:\/\/schema.org\",\"@graph\":[{\"@type\":\"WebPage\",\"@id\":\"https:\/\/marittimo.es\/precios\/\",\"url\":\"https:\/\/marittimo.es\/precios\/\",\"name\":\"Precios \/ Reservas - Marittimo Apartments\",\"isPartOf\":{\"@id\":\"https:\/\/marittimo.es\/#website\"},\"datePublished\":\"2021-06-02T17:01:39+00:00\",\"dateModified\":\"2024-06-06T11:12:42+00:00\",\"breadcrumb\":{\"@id\":\"https:\/\/marittimo.es\/precios\/#breadcrumb\"},\"inLanguage\":\"en-GB\",\"potentialAction\":[{\"@type\":\"ReadAction\",\"target\":[\"https:\/\/marittimo.es\/precios\/\"]}]},{\"@type\":\"BreadcrumbList\",\"@id\":\"https:\/\/marittimo.es\/precios\/#breadcrumb\",\"itemListElement\":[{\"@type\":\"ListItem\",\"position\":1,\"name\":\"Home\",\"item\":\"https:\/\/marittimo.es\/\"},{\"@type\":\"ListItem\",\"position\":2,\"name\":\"Precios \/ Reservas\"}]},{\"@type\":\"WebSite\",\"@id\":\"https:\/\/marittimo.es\/#website\",\"url\":\"https:\/\/marittimo.es\/\",\"name\":\"Marittimo Apartments\",\"description\":\"Marittimo Apartments\",\"potentialAction\":[{\"@type\":\"SearchAction\",\"target\":{\"@type\":\"EntryPoint\",\"urlTemplate\":\"https:\/\/marittimo.es\/?s={search_term_string}\"},\"query-input\":{\"@type\":\"PropertyValueSpecification\",\"valueRequired\":true,\"valueName\":\"search_term_string\"}}],\"inLanguage\":\"en-GB\"}]}<\/script>\n<!-- \/ Yoast SEO plugin. -->","yoast_head_json":{"title":"Precios \/ Reservas - Marittimo Apartments","robots":{"index":"index","follow":"follow","max-snippet":"max-snippet:-1","max-image-preview":"max-image-preview:large","max-video-preview":"max-video-preview:-1"},"canonical":"https:\/\/marittimo.es\/en\/precios\/","og_locale":"en_GB","og_type":"article","og_title":"Precios \/ Reservas - Marittimo Apartments","og_url":"https:\/\/marittimo.es\/en\/precios\/","og_site_name":"Marittimo Apartments","article_modified_time":"2024-06-06T11:12:42+00:00","twitter_card":"summary_large_image","twitter_misc":{"Estimated reading time":"1 minute"},"schema":{"@context":"https:\/\/schema.org","@graph":[{"@type":"WebPage","@id":"https:\/\/marittimo.es\/precios\/","url":"https:\/\/marittimo.es\/precios\/","name":"Precios \/ Reservas - Marittimo Apartments","isPartOf":{"@id":"https:\/\/marittimo.es\/#website"},"datePublished":"2021-06-02T17:01:39+00:00","dateModified":"2024-06-06T11:12:42+00:00","breadcrumb":{"@id":"https:\/\/marittimo.es\/precios\/#breadcrumb"},"inLanguage":"en-GB","potentialAction":[{"@type":"ReadAction","target":["https:\/\/marittimo.es\/precios\/"]}]},{"@type":"BreadcrumbList","@id":"https:\/\/marittimo.es\/precios\/#breadcrumb","itemListElement":[{"@type":"ListItem","position":1,"name":"Home","item":"https:\/\/marittimo.es\/"},{"@type":"ListItem","position":2,"name":"Precios \/ Reservas"}]},{"@type":"WebSite","@id":"https:\/\/marittimo.es\/#website","url":"https:\/\/marittimo.es\/","name":"Marittimo Apartments","description":"Marittimo Apartments","potentialAction":[{"@type":"SearchAction","target":{"@type":"EntryPoint","urlTemplate":"https:\/\/marittimo.es\/?s={search_term_string}"},"query-input":{"@type":"PropertyValueSpecification","valueRequired":true,"valueName":"search_term_string"}}],"inLanguage":"en-GB"}]}},"_links":{"self":[{"href":"https:\/\/marittimo.es\/en\/wp-json\/wp\/v2\/pages\/15050","targetHints":{"allow":["GET"]}}],"collection":[{"href":"https:\/\/marittimo.es\/en\/wp-json\/wp\/v2\/pages"}],"about":[{"href":"https:\/\/marittimo.es\/en\/wp-json\/wp\/v2\/types\/page"}],"author":[{"embeddable":true,"href":"https:\/\/marittimo.es\/en\/wp-json\/wp\/v2\/users\/1"}],"replies":[{"embeddable":true,"href":"https:\/\/marittimo.es\/en\/wp-json\/wp\/v2\/comments?post=15050"}],"version-history":[{"count":19,"href":"https:\/\/marittimo.es\/en\/wp-json\/wp\/v2\/pages\/15050\/revisions"}],"predecessor-version":[{"id":15510,"href":"https:\/\/marittimo.es\/en\/wp-json\/wp\/v2\/pages\/15050\/revisions\/15510"}],"wp:attachment":[{"href":"https:\/\/marittimo.es\/en\/wp-json\/wp\/v2\/media?parent=15050"}],"curies":[{"name":"wp","href":"https:\/\/api.w.org\/{rel}","templated":true}]}}