{"id":15182,"date":"2021-06-07T23:30:44","date_gmt":"2021-06-07T23:30:44","guid":{"rendered":"https:\/\/marittimo.es\/?page_id=15182"},"modified":"2021-07-23T16:28:19","modified_gmt":"2021-07-23T14:28:19","slug":"aviso-legal","status":"publish","type":"page","link":"https:\/\/marittimo.es\/en\/aviso-legal\/","title":{"rendered":"Aviso legal"},"content":{"rendered":"<div id=\"cmsmasters_row_3dkxnxrdp\" class=\"cmsmasters_row cmsmasters_color_scheme_default cmsmasters_row_top_default cmsmasters_row_bot_default cmsmasters_row_boxed\">\n<div class=\"cmsmasters_row_outer_parent\">\n<div class=\"cmsmasters_row_outer\">\n<div class=\"cmsmasters_row_inner\">\n<div class=\"cmsmasters_row_margin\">\n<div id=\"cmsmasters_column_axgozpioru\" class=\"cmsmasters_column one_first\">\n<div class=\"cmsmasters_column_inner\"><div class=\"cmsmasters_text\">\n<header class=\"entry-header\">\n<p class=\"entry-title\"><strong>AVISO LEGAL \/ POL\u00cdTICA DE PRIVACIDAD \/ COOKIES<\/strong><\/p>\n<\/header>\n<div class=\"entry-content\">\n<p>En cumplimiento de la Ley 34\/2002, de 11 de julio, de Servicios de la Sociedad de la Informaci\u00f3n y de Comercio Electr\u00f3nico (LSSI-CE), Nova Urbis Hispanica s.l.u \u00a0informa que es titular del sitio web www.marittimo.es . De acuerdo con la exigencia del art\u00edculo 10 de la citada Ley, Nova Urbis Hispanica s.l.u \u00a0informa de los siguientes datos:<br \/>\nEl titular de este sitio web es Nova Urbis Hispanica s.l.u \u00a0, con CIF B98834351 y domicilio social en Calle Marqu\u00e9s de Campo 13, Centro de Negocios Joaqu\u00edn Sorolla, 46007, Valencia, inscrita en el registro mercantil de Valencia, tomo 10135, folio 212, hoja v-171.221, inscripc 1\u00aa<a>\u00a0<\/a>. La direcci\u00f3n de correo electr\u00f3nico de contacto con la empresa es: info@novaurbis.eu.<\/p>\n<p><strong>Usuario y r\u00e9gimen de responsabilidades<\/strong><br \/>\nLa navegaci\u00f3n, acceso y uso por el sitio web www.marittimo.es \u00a0confiere la condici\u00f3n de usuario, por la que se aceptan, desde la navegaci\u00f3n por el sitio web www.marittimo.es , todas las condiciones de uso aqu\u00ed establecidas sin perjuicio de la aplicaci\u00f3n de la correspondiente normativa de obligado cumplimiento legal seg\u00fan el caso.<br \/>\nEl sitio web www.marittimo.es \u00a0proporciona gran diversidad de informaci\u00f3n, servicios y datos. El usuario asume su responsabilidad en el uso correcto del sitio web. Esta responsabilidad se extender\u00e1 a:<br \/>\n-La veracidad y licitud de las informaciones aportadas por el usuario en los formularios extendidos por www.marittimo.es para el acceso a ciertos contenidos o servicios ofrecidos por el web.<\/p>\n<p>-El uso de la informaci\u00f3n, servicios y datos ofrecidos por www.marittimo.es contrariamente a lo dispuesto por las presentes condiciones, la Ley, la moral, las buenas costumbres o el orden p\u00fablico, o que de cualquier otro modo puedan suponer lesi\u00f3n de los derechos de terceros o del mismo funcionamiento del sitio web.<\/p>\n<p><strong>Pol\u00edtica de enlaces y exenciones de responsabilidad<\/strong><br \/>\nNova Urbis Hispanica s.l.u \u00a0no se hace responsable del contenido de los sitios web a los que el usuario pueda acceder a trav\u00e9s de los enlaces establecidos en su sitio web y declara que en ning\u00fan caso proceder\u00e1 a examinar o ejercitar ning\u00fan tipo de control sobre el contenido de otros sitios de la red. Asimismo, tampoco garantizar\u00e1 la disponibilidad t\u00e9cnica, exactitud, veracidad, validez o legalidad de sitios ajenos a su propiedad a los que se pueda acceder por medio de los enlaces.<br \/>\nNova Urbis Hispanica s.l.u \u00a0declara haber adoptado todas las medidas necesarias para evitar cualquier da\u00f1o a los usuarios de su sitio web, que pudieran derivarse de la navegaci\u00f3n por su sitio web. En consecuencia, Nova Urbis Hispanica s.l.u \u00a0no se hace responsable, en ning\u00fan caso, de los eventuales da\u00f1os que por la navegaci\u00f3n por Internet pudiera sufrir el usuario.<br \/>\n<strong>Modificaciones<\/strong><br \/>\nNova Urbis Hispanica s.l.u \u00a0se reserva el derecho a realizar las modificaciones que considere oportunas, sin aviso previo, en el contenido de su sitio web. Tanto en lo referente a los contenidos del sitio web, como en las condiciones de uso del mismo. Dichas modificaciones podr\u00e1n realizarse a trav\u00e9s de su sitio web por cualquier forma admisible en derecho y ser\u00e1n de obligado cumplimiento durante el tiempo en que se encuentren publicadas en la web y hasta que no sean modificadas v\u00e1lidamente por otras posteriores.<\/p>\n<p><strong>Protecci\u00f3n de datos<\/strong><br \/>\nDe conformidad con lo establecido en la normativa vigente en Protecci\u00f3n de Datos de Car\u00e1cter Personal, le informamos que sus datos ser\u00e1n incorporados al sistema de tratamiento titularidad de Nova Urbis Hispanica s.l.u \u00a0con CIF B98834351 y domicilio social sito en Calle Marqu\u00e9s de Campo 13, Centro de Negocios Joaqu\u00edn Sorolla, 46007, Valencia, con la finalidad de poder facilitar, agilizar y cumplir los compromisos establecidos entre ambas partes. En cumplimiento con la normativa vigente, Nova Urbis Hispanica s.l.u \u00a0informa que los datos ser\u00e1n conservados durante el plazo estrictamente necesario para cumplir con los preceptos mencionados con anterioridad.<br \/>\nMientras no nos comunique lo contrario, entenderemos que sus datos no han sido modificados, que usted se compromete a notificarnos cualquier variaci\u00f3n y que tenemos su consentimiento para utilizarlos para\u00a0 las finalidades mencionadas.<br \/>\nNova Urbis Hispanica s.l.u \u00a0informa que proceder\u00e1 a tratar los datos de manera l\u00edcita, leal, transparente, adecuada, pertinente, limitada, exacta y actualizada. Es por ello que Nova Urbis Hispanica s.l.u \u00a0se compromete a adoptar todas las medidas razonables para que estos se supriman o rectifiquen sin dilaci\u00f3n cuando sean inexactos.<br \/>\nDe acuerdo con los derechos que le confiere la normativa vigente en protecci\u00f3n de datos podr\u00e1 ejercer los derechos de acceso, rectificaci\u00f3n, limitaci\u00f3n de tratamiento, supresi\u00f3n, portabilidad y oposici\u00f3n al tratamiento de sus datos de car\u00e1cter personal as\u00ed como del consentimiento prestado para el tratamiento de los mismos, dirigiendo su petici\u00f3n a la direcci\u00f3n postal indicada m\u00e1s arriba o al correo electr\u00f3nico info@novaurbis.eu.<br \/>\nPodr\u00e1 dirigirse a la Autoridad de Control competente para presentar la reclamaci\u00f3n que considere oportuna.<\/p>\n<\/div>\n<\/div>\n<\/div><\/div>\n<\/div>\n<\/div>\n<\/div>\n<\/div>\n<\/div>","protected":false},"excerpt":{"rendered":"","protected":false},"author":1,"featured_media":0,"parent":0,"menu_order":0,"comment_status":"closed","ping_status":"closed","template":"","meta":{"footnotes":""},"class_list":["post-15182","page","type-page","status-publish","hentry"],"yoast_head":"<!-- This site is optimized with the Yoast SEO plugin v26.9 - https:\/\/yoast.com\/product\/yoast-seo-wordpress\/ -->\n<title>Aviso legal - Marittimo Apartments<\/title>\n<meta name=\"robots\" content=\"index, follow, max-snippet:-1, max-image-preview:large, max-video-preview:-1\" \/>\n<link rel=\"canonical\" href=\"https:\/\/marittimo.es\/en\/aviso-legal\/\" \/>\n<meta property=\"og:locale\" content=\"en_GB\" \/>\n<meta property=\"og:type\" content=\"article\" \/>\n<meta property=\"og:title\" content=\"Aviso legal - Marittimo Apartments\" \/>\n<meta property=\"og:url\" content=\"https:\/\/marittimo.es\/en\/aviso-legal\/\" \/>\n<meta property=\"og:site_name\" content=\"Marittimo Apartments\" \/>\n<meta property=\"article:modified_time\" content=\"2021-07-23T14:28:19+00:00\" \/>\n<meta name=\"twitter:card\" content=\"summary_large_image\" \/>\n<meta name=\"twitter:label1\" content=\"Estimated reading time\" \/>\n\t<meta name=\"twitter:data1\" content=\"2 minutes\" \/>\n<script type=\"application\/ld+json\" class=\"yoast-schema-graph\">{\"@context\":\"https:\/\/schema.org\",\"@graph\":[{\"@type\":\"WebPage\",\"@id\":\"https:\/\/marittimo.es\/aviso-legal\/\",\"url\":\"https:\/\/marittimo.es\/aviso-legal\/\",\"name\":\"Aviso legal - Marittimo Apartments\",\"isPartOf\":{\"@id\":\"https:\/\/marittimo.es\/#website\"},\"datePublished\":\"2021-06-07T23:30:44+00:00\",\"dateModified\":\"2021-07-23T14:28:19+00:00\",\"breadcrumb\":{\"@id\":\"https:\/\/marittimo.es\/aviso-legal\/#breadcrumb\"},\"inLanguage\":\"en-GB\",\"potentialAction\":[{\"@type\":\"ReadAction\",\"target\":[\"https:\/\/marittimo.es\/aviso-legal\/\"]}]},{\"@type\":\"BreadcrumbList\",\"@id\":\"https:\/\/marittimo.es\/aviso-legal\/#breadcrumb\",\"itemListElement\":[{\"@type\":\"ListItem\",\"position\":1,\"name\":\"Home\",\"item\":\"https:\/\/marittimo.es\/\"},{\"@type\":\"ListItem\",\"position\":2,\"name\":\"Aviso legal\"}]},{\"@type\":\"WebSite\",\"@id\":\"https:\/\/marittimo.es\/#website\",\"url\":\"https:\/\/marittimo.es\/\",\"name\":\"Marittimo Apartments\",\"description\":\"Marittimo Apartments\",\"potentialAction\":[{\"@type\":\"SearchAction\",\"target\":{\"@type\":\"EntryPoint\",\"urlTemplate\":\"https:\/\/marittimo.es\/?s={search_term_string}\"},\"query-input\":{\"@type\":\"PropertyValueSpecification\",\"valueRequired\":true,\"valueName\":\"search_term_string\"}}],\"inLanguage\":\"en-GB\"}]}<\/script>\n<!-- \/ Yoast SEO plugin. -->","yoast_head_json":{"title":"Aviso legal - Marittimo Apartments","robots":{"index":"index","follow":"follow","max-snippet":"max-snippet:-1","max-image-preview":"max-image-preview:large","max-video-preview":"max-video-preview:-1"},"canonical":"https:\/\/marittimo.es\/en\/aviso-legal\/","og_locale":"en_GB","og_type":"article","og_title":"Aviso legal - Marittimo Apartments","og_url":"https:\/\/marittimo.es\/en\/aviso-legal\/","og_site_name":"Marittimo Apartments","article_modified_time":"2021-07-23T14:28:19+00:00","twitter_card":"summary_large_image","twitter_misc":{"Estimated reading time":"2 minutes"},"schema":{"@context":"https:\/\/schema.org","@graph":[{"@type":"WebPage","@id":"https:\/\/marittimo.es\/aviso-legal\/","url":"https:\/\/marittimo.es\/aviso-legal\/","name":"Aviso legal - Marittimo Apartments","isPartOf":{"@id":"https:\/\/marittimo.es\/#website"},"datePublished":"2021-06-07T23:30:44+00:00","dateModified":"2021-07-23T14:28:19+00:00","breadcrumb":{"@id":"https:\/\/marittimo.es\/aviso-legal\/#breadcrumb"},"inLanguage":"en-GB","potentialAction":[{"@type":"ReadAction","target":["https:\/\/marittimo.es\/aviso-legal\/"]}]},{"@type":"BreadcrumbList","@id":"https:\/\/marittimo.es\/aviso-legal\/#breadcrumb","itemListElement":[{"@type":"ListItem","position":1,"name":"Home","item":"https:\/\/marittimo.es\/"},{"@type":"ListItem","position":2,"name":"Aviso legal"}]},{"@type":"WebSite","@id":"https:\/\/marittimo.es\/#website","url":"https:\/\/marittimo.es\/","name":"Marittimo Apartments","description":"Marittimo Apartments","potentialAction":[{"@type":"SearchAction","target":{"@type":"EntryPoint","urlTemplate":"https:\/\/marittimo.es\/?s={search_term_string}"},"query-input":{"@type":"PropertyValueSpecification","valueRequired":true,"valueName":"search_term_string"}}],"inLanguage":"en-GB"}]}},"_links":{"self":[{"href":"https:\/\/marittimo.es\/en\/wp-json\/wp\/v2\/pages\/15182","targetHints":{"allow":["GET"]}}],"collection":[{"href":"https:\/\/marittimo.es\/en\/wp-json\/wp\/v2\/pages"}],"about":[{"href":"https:\/\/marittimo.es\/en\/wp-json\/wp\/v2\/types\/page"}],"author":[{"embeddable":true,"href":"https:\/\/marittimo.es\/en\/wp-json\/wp\/v2\/users\/1"}],"replies":[{"embeddable":true,"href":"https:\/\/marittimo.es\/en\/wp-json\/wp\/v2\/comments?post=15182"}],"version-history":[{"count":9,"href":"https:\/\/marittimo.es\/en\/wp-json\/wp\/v2\/pages\/15182\/revisions"}],"predecessor-version":[{"id":15255,"href":"https:\/\/marittimo.es\/en\/wp-json\/wp\/v2\/pages\/15182\/revisions\/15255"}],"wp:attachment":[{"href":"https:\/\/marittimo.es\/en\/wp-json\/wp\/v2\/media?parent=15182"}],"curies":[{"name":"wp","href":"https:\/\/api.w.org\/{rel}","templated":true}]}}